{"id":321,"date":"2024-04-05T21:30:47","date_gmt":"2024-04-05T19:30:47","guid":{"rendered":"https:\/\/ucpp.gob.bo\/?page_id=321"},"modified":"2025-09-09T17:12:30","modified_gmt":"2025-09-09T21:12:30","slug":"breve-historia-o-resena-sobre-la-creacion-y-evolucion-de-la-entidad","status":"publish","type":"page","link":"https:\/\/ucpp.gob.bo\/index.php\/breve-historia-o-resena-sobre-la-creacion-y-evolucion-de-la-entidad\/","title":{"rendered":"Rese\u00f1a Hist\u00f3rica"},"content":{"rendered":"\n<p><\/p>\n\n\n\n<p><\/p>\n\n\n\n<p class=\"has-medium-font-size\">Por Decreto Supremo 25999 de 24 de noviembre de 2000, se crea la Unidad de Descentralizaci\u00f3n Fiscal (UDF); bajo dependencia directa del Ministerio de Hacienda, como entidad de derecho p\u00fablico, con personalidad jur\u00eddica propia y autonom\u00eda t\u00e9cnica y administrativa, para llevar a cabo todas las actividades consideradas en el art\u00edculo 1\u00b0 del referido decreto, que eran b\u00e1sicamente las de liderar, coordinar y gestionar la ejecuci\u00f3n de los convenios de financiamiento que en calidad de donaci\u00f3n o pr\u00e9stamo se otorgue al pa\u00eds, para actividades relacionadas con el perfeccionamiento de la descentralizaci\u00f3n administrativa.<\/p>\n\n\n\n<p class=\"has-medium-font-size\">Posteriormente, mediante Decreto Supremo 26108 de 16 de marzo de 2001, se modifica el Decreto Supremo 25999, en el entendido de que la UDF se encuentra bajo dependencia del Ministro de Hacienda como Unidad Desconcentrada y no as\u00ed con personalidad jur\u00eddica propia como se estableci\u00f3, con autonom\u00eda t\u00e9cnica y administrativa cuya misi\u00f3n es la de coordinar y gestionar la ejecuci\u00f3n de los convenios de financiamiento otorgados en calidad de donaci\u00f3n o pr\u00e9stamo, destinados a la actividad relacionada con el perfeccionamiento del proceso de descentralizaci\u00f3n administrativa del pa\u00eds.<\/p>\n\n\n\n<p class=\"has-medium-font-size\">El Decreto Supremo N\u00ba 27732 de fecha 15 de septiembre de 2004, y publicado el 27 de septiembre del mismo a\u00f1o en su art\u00edculo 66\u00b0, modifica el art\u00edculo \u00fanico del Decreto Supremo 26108 de la siguiente manera: \u201cLa Unidad de Descentralizaci\u00f3n Fiscal a partir de la fecha se denominar\u00e1 Unidad de Coordinaci\u00f3n del Programa &#8211; UCP dependiendo directamente del Viceministerio de Tesoro y Cr\u00e9dito P\u00fablico, a trav\u00e9s del Ministerio de Hacienda, con funciones establecidas en el Art\u00edculo 4 del Decreto Supremo N\u00ba 25999 de 24 de noviembre de 2000. En el \u00e1mbito de responsabilidades que le competen al Viceministerio de Tesoro y Cr\u00e9dito P\u00fablico, se ampl\u00edan las funciones de la UCP a la coordinaci\u00f3n y ejecuci\u00f3n de los convenios de f\u00ednanciamiento otorgados en calidad de donaci\u00f3n o pr\u00e9stamo que el Ministro de Hacienda determine.\u201d<\/p>\n\n\n\n<p class=\"has-medium-font-size\">El 8 de marzo de 2006 con la promulgaci\u00f3n del Decreto Supremo N\u00ba 28631 Reglamento de la ley 3351 de 21 de febrero de 2006 Ley de Organizaci\u00f3n del Poder Ejecutivo (LOPE), se modifica la estructura jer\u00e1rquica del Ministerio de Hacienda, consignando en el numeral 1 del Art. 59 (Entidades P\u00fablicas Desconcentradas) a la Unidad de Coordinaci\u00f3n del Programa (UCP) como entidad p\u00fablica desconcentrada, bajo tuici\u00f3n del Ministro de Hacienda, con independencia de gesti\u00f3n administrativa, financiera, legal y t\u00e9cnica a cargo de un Director General Ejecutivo que ejerce la representaci\u00f3n institucional.<\/p>\n\n\n\n<p class=\"has-medium-font-size\">Subsiguientemente, por Decreto Supremo N\u00ba 29894 de 7 de febrero de 2009, el Ministerio de Hacienda pasa a denominarse Ministerio de Econom\u00eda y Finanzas P\u00fablicas, estableciendo dicha norma en su disposici\u00f3n transitoria cuarta, que las Instituciones P\u00fablicas Desconcentradas y Descentralizadas readecuar\u00e1n sus pol\u00edticas y objetivos en el marco de las disposiciones de la Constituci\u00f3n Pol\u00edtica del Estado.<\/p>\n\n\n\n<p class=\"has-medium-font-size\">En atenci\u00f3n a esta disposici\u00f3n se emite la Resoluci\u00f3n Ministerial 007\/09, por la cual la Unidad de Coordinaci\u00f3n del Programa (UCP) pasa a denominarse Unidad de Coordinaci\u00f3n de Programas y Proyectos (UCPP) dependiente del Ministerio de Econom\u00eda y Finanzas P\u00fablicas.<\/p>\n\n\n\n<p class=\"has-medium-font-size\">Mediante Decreto Supremo N\u00b01692 de fecha 14 de agosto de 2013, se autoriza al Ministerio de Econom\u00eda y Finanzas P\u00fablicas a trav\u00e9s de la Unidad de Coordinaci\u00f3n de Programas y Proyectos \u2013 UCPP gestionar la implementaci\u00f3n t\u00e9cnica, administrativa y legal del Campo Ferial \u201cChuquiago Marka\u201d, y asumir su administraci\u00f3n, en tanto se designe a la entidad que se har\u00e1 cargo del Campo Ferial.<\/p>\n\n\n\n<p class=\"has-medium-font-size\">El Ministerio de Econom\u00eda y Finanzas P\u00fablicas, a trav\u00e9s de Resoluci\u00f3n Ministerial N\u00b0 757 de 13 de septiembre de 2013, autoriza a la Unidad de coordinaci\u00f3n de Programas y Proyectos, la responsabilidad de implementaci\u00f3n t\u00e9cnica, administrativa y Legal del Campo Ferial \u201cChuquiago Marka\u201d; encomienda la administraci\u00f3n transitoria del Campo Ferial \u201cChuquiago Marka\u201d y establece que el Director General Ejecutivo de la UCPP, ejercer\u00e1 la representaci\u00f3n legal e institucional del Campo Ferial \u201cChuquiago Marka\u201d, quedando autorizado a suscribir convenios, contratos, y cualquier otro tipo de documento, as\u00ed como la emisi\u00f3n de Resoluciones Administrativas inherentes a la implementaci\u00f3n y administraci\u00f3n del Campo Ferial.<\/p>\n\n\n\n<p class=\"has-medium-font-size\">Mediante Resoluci\u00f3n Ministerial N\u00b0 1104 de 28 de diciembre de 2015, se delega a la Unidad de Coordinaci\u00f3n de Programas y Proyectos \u2013UCPP, la competencia y responsabilidad administrativa de la ejecuci\u00f3n del Proyecto \u201cConstrucci\u00f3n e Implementaci\u00f3n de Recintos Multiprop\u00f3sitos de Frontera en la Zona de Seguridad Fronteriza del Territorio Nacional\u201d.<\/p>\n\n\n\n<figure class=\"wp-block-gallery has-nested-images columns-default is-cropped wp-block-gallery-1 is-layout-flex wp-block-gallery-is-layout-flex\">\n<figure class=\"wp-block-image size-large\"><img loading=\"lazy\" decoding=\"async\" width=\"1024\" height=\"683\" data-id=\"18199\" src=\"https:\/\/ucpp.gob.bo\/wp-content\/uploads\/2025\/09\/DSC_3115-1024x683.jpg\" alt=\"\" class=\"wp-image-18199\" srcset=\"https:\/\/ucpp.gob.bo\/wp-content\/uploads\/2025\/09\/DSC_3115-1024x683.jpg 1024w, https:\/\/ucpp.gob.bo\/wp-content\/uploads\/2025\/09\/DSC_3115-300x200.jpg 300w, https:\/\/ucpp.gob.bo\/wp-content\/uploads\/2025\/09\/DSC_3115-768x512.jpg 768w, https:\/\/ucpp.gob.bo\/wp-content\/uploads\/2025\/09\/DSC_3115-1536x1024.jpg 1536w, https:\/\/ucpp.gob.bo\/wp-content\/uploads\/2025\/09\/DSC_3115-2048x1365.jpg 2048w\" sizes=\"auto, (max-width: 1024px) 100vw, 1024px\" \/><\/figure>\n\n\n\n<figure class=\"wp-block-image size-large\"><img loading=\"lazy\" decoding=\"async\" width=\"1024\" height=\"576\" data-id=\"18200\" src=\"https:\/\/ucpp.gob.bo\/wp-content\/uploads\/2025\/09\/TAMBO1-1-1024x576.jpg\" alt=\"\" class=\"wp-image-18200\" srcset=\"https:\/\/ucpp.gob.bo\/wp-content\/uploads\/2025\/09\/TAMBO1-1-1024x576.jpg 1024w, https:\/\/ucpp.gob.bo\/wp-content\/uploads\/2025\/09\/TAMBO1-1-300x169.jpg 300w, https:\/\/ucpp.gob.bo\/wp-content\/uploads\/2025\/09\/TAMBO1-1-768x432.jpg 768w, https:\/\/ucpp.gob.bo\/wp-content\/uploads\/2025\/09\/TAMBO1-1.jpg 1280w\" sizes=\"auto, (max-width: 1024px) 100vw, 1024px\" \/><\/figure>\n<\/figure>\n\n\n\n<p><\/p>\n","protected":false},"excerpt":{"rendered":"<p>Por Decreto Supremo 25999 de 24 de noviembre de 2000, se crea la Unidad de Descentralizaci\u00f3n Fiscal (UDF); bajo dependencia directa del Ministerio de Hacienda, como entidad de derecho p\u00fablico, con personalidad jur\u00eddica propia y autonom\u00eda t\u00e9cnica y administrativa, para llevar a cabo todas las actividades consideradas en el art\u00edculo 1\u00b0 del referido decreto, que [&hellip;]<\/p>\n","protected":false},"author":1,"featured_media":0,"parent":0,"menu_order":0,"comment_status":"closed","ping_status":"closed","template":"","meta":{"_acf_changed":false,"footnotes":""},"class_list":["post-321","page","type-page","status-publish","hentry"],"acf":[],"_links":{"self":[{"href":"https:\/\/ucpp.gob.bo\/index.php\/wp-json\/wp\/v2\/pages\/321","targetHints":{"allow":["GET"]}}],"collection":[{"href":"https:\/\/ucpp.gob.bo\/index.php\/wp-json\/wp\/v2\/pages"}],"about":[{"href":"https:\/\/ucpp.gob.bo\/index.php\/wp-json\/wp\/v2\/types\/page"}],"author":[{"embeddable":true,"href":"https:\/\/ucpp.gob.bo\/index.php\/wp-json\/wp\/v2\/users\/1"}],"replies":[{"embeddable":true,"href":"https:\/\/ucpp.gob.bo\/index.php\/wp-json\/wp\/v2\/comments?post=321"}],"version-history":[{"count":21,"href":"https:\/\/ucpp.gob.bo\/index.php\/wp-json\/wp\/v2\/pages\/321\/revisions"}],"predecessor-version":[{"id":18201,"href":"https:\/\/ucpp.gob.bo\/index.php\/wp-json\/wp\/v2\/pages\/321\/revisions\/18201"}],"wp:attachment":[{"href":"https:\/\/ucpp.gob.bo\/index.php\/wp-json\/wp\/v2\/media?parent=321"}],"curies":[{"name":"wp","href":"https:\/\/api.w.org\/{rel}","templated":true}]}}