{"id":309,"date":"2024-04-05T21:30:25","date_gmt":"2024-04-05T19:30:25","guid":{"rendered":"https:\/\/ucpp.gob.bo\/?page_id=309"},"modified":"2025-11-18T15:19:46","modified_gmt":"2025-11-18T19:19:46","slug":"declaracion-de-la-mision-vision-valores-y-principios-de-la-entidad","status":"publish","type":"page","link":"https:\/\/ucpp.gob.bo\/index.php\/declaracion-de-la-mision-vision-valores-y-principios-de-la-entidad\/","title":{"rendered":"Misi\u00f3n, Visi\u00f3n, Valores y Principios de la Entidad"},"content":{"rendered":"\n<p><\/p>\n\n\n\n<h2 class=\"wp-block-heading\">Misi\u00f3n<\/h2>\n\n\n\n<p>Coordinar, gestionar, administrar y ejecutar programas y proyectos, con recursos de la Cooperaci\u00f3n Internacional y del Tesoro General del Estado, que el Ministerio de Econom\u00eda y Finanzas P\u00fablicas determine, contribuyendo al desarrollo institucional, econ\u00f3mico y social del Estado Plurinacional de Bolivia.<\/p>\n\n\n\n<h2 class=\"wp-block-heading\">Visi\u00f3n<\/h2>\n\n\n\n<p>La UCPP es una entidad reconocida del MEFP, confiable, transparente y especializada en coordinar, gestionar, administrar y ejecutar programas y proyectos con financiamiento de la Cooperaci\u00f3n Internacional y del Tesoro General del Estado.<\/p>\n\n\n\n<h5 class=\"wp-block-heading\">Valores:<\/h5>\n\n\n\n<ul class=\"wp-block-list\">\n<li>Trabajo en equipo<\/li>\n\n\n\n<li>Trabajo orientado a la calidad del servicio<\/li>\n\n\n\n<li>Innovaci\u00f3n y creatividad<\/li>\n\n\n\n<li>Liderazgo<\/li>\n\n\n\n<li>Transparencia<\/li>\n\n\n\n<li>Eficiencia<\/li>\n\n\n\n<li>Responsabilidad<\/li>\n\n\n\n<li>Compromiso social<\/li>\n\n\n\n<li>Respeto<\/li>\n\n\n\n<li>Pluralidad<\/li>\n<\/ul>\n\n\n\n<h5 class=\"wp-block-heading\">Principios:<\/h5>\n\n\n\n<ul class=\"wp-block-list\">\n<li>Ama sua \u2013 Janiw Lunthata \u2013 No seas ladr\u00f3n<\/li>\n\n\n\n<li>Ama llulla \u2013 Janiw K\u2019arisiri \u2013 No seas mentiroso<\/li>\n\n\n\n<li>Ama quella \u2013 Janiw Jayra \u2013 No seas flojo<\/li>\n<\/ul>\n\n\n\n<figure class=\"wp-block-gallery has-nested-images columns-default is-cropped wp-block-gallery-1 is-layout-flex wp-block-gallery-is-layout-flex\"><\/figure>\n\n\n\n<p><\/p>\n","protected":false},"excerpt":{"rendered":"<p>Misi\u00f3n Coordinar, gestionar, administrar y ejecutar programas y proyectos, con recursos de la Cooperaci\u00f3n Internacional y del Tesoro General del Estado, que el Ministerio de Econom\u00eda y Finanzas P\u00fablicas determine, contribuyendo al desarrollo institucional, econ\u00f3mico y social del Estado Plurinacional de Bolivia. Visi\u00f3n La UCPP es una entidad reconocida del MEFP, confiable, transparente y especializada [&hellip;]<\/p>\n","protected":false},"author":1,"featured_media":0,"parent":0,"menu_order":0,"comment_status":"closed","ping_status":"closed","template":"","meta":{"_acf_changed":false,"footnotes":""},"class_list":["post-309","page","type-page","status-publish","hentry"],"acf":[],"_links":{"self":[{"href":"https:\/\/ucpp.gob.bo\/index.php\/wp-json\/wp\/v2\/pages\/309","targetHints":{"allow":["GET"]}}],"collection":[{"href":"https:\/\/ucpp.gob.bo\/index.php\/wp-json\/wp\/v2\/pages"}],"about":[{"href":"https:\/\/ucpp.gob.bo\/index.php\/wp-json\/wp\/v2\/types\/page"}],"author":[{"embeddable":true,"href":"https:\/\/ucpp.gob.bo\/index.php\/wp-json\/wp\/v2\/users\/1"}],"replies":[{"embeddable":true,"href":"https:\/\/ucpp.gob.bo\/index.php\/wp-json\/wp\/v2\/comments?post=309"}],"version-history":[{"count":22,"href":"https:\/\/ucpp.gob.bo\/index.php\/wp-json\/wp\/v2\/pages\/309\/revisions"}],"predecessor-version":[{"id":18293,"href":"https:\/\/ucpp.gob.bo\/index.php\/wp-json\/wp\/v2\/pages\/309\/revisions\/18293"}],"wp:attachment":[{"href":"https:\/\/ucpp.gob.bo\/index.php\/wp-json\/wp\/v2\/media?parent=309"}],"curies":[{"name":"wp","href":"https:\/\/api.w.org\/{rel}","templated":true}]}}