{"id":17902,"date":"2025-09-08T11:15:33","date_gmt":"2025-09-08T15:15:33","guid":{"rendered":"https:\/\/ucpp.gob.bo\/?page_id=17902"},"modified":"2025-09-08T11:15:33","modified_gmt":"2025-09-08T15:15:33","slug":"construccion-e-implementacion-del-centro-internacional-de-cultura-exposiciones-y-convenciones-heroes-y-defensores-de-la-democracia-el-alto-cicec","status":"publish","type":"page","link":"https:\/\/ucpp.gob.bo\/index.php\/construccion-e-implementacion-del-centro-internacional-de-cultura-exposiciones-y-convenciones-heroes-y-defensores-de-la-democracia-el-alto-cicec\/","title":{"rendered":"CONSTRUCCI\u00d3N E IMPLEMENTACI\u00d3N DEL CENTRO INTERNACIONAL DE CULTURA, EXPOSICIONES Y CONVENCIONES \u00abH\u00c9ROES Y DEFENSORES DE LA DEMOCRACIA\u00bb \u2013 EL ALTO (CICEC)"},"content":{"rendered":"\n<figure class=\"wp-block-gallery has-nested-images columns-default is-cropped wp-block-gallery-1 is-layout-flex wp-block-gallery-is-layout-flex\">\n<figure class=\"wp-block-image size-large\"><img loading=\"lazy\" decoding=\"async\" width=\"1024\" height=\"576\" data-id=\"17903\" src=\"https:\/\/ucpp.gob.bo\/wp-content\/uploads\/2025\/09\/CICEC1-1024x576.jpg\" alt=\"\" class=\"wp-image-17903\" srcset=\"https:\/\/ucpp.gob.bo\/wp-content\/uploads\/2025\/09\/CICEC1-1024x576.jpg 1024w, https:\/\/ucpp.gob.bo\/wp-content\/uploads\/2025\/09\/CICEC1-300x169.jpg 300w, https:\/\/ucpp.gob.bo\/wp-content\/uploads\/2025\/09\/CICEC1-768x432.jpg 768w, https:\/\/ucpp.gob.bo\/wp-content\/uploads\/2025\/09\/CICEC1.jpg 1072w\" sizes=\"auto, (max-width: 1024px) 100vw, 1024px\" \/><\/figure>\n\n\n\n<figure class=\"wp-block-image size-large\"><img loading=\"lazy\" decoding=\"async\" width=\"1024\" height=\"573\" data-id=\"17904\" src=\"https:\/\/ucpp.gob.bo\/wp-content\/uploads\/2025\/09\/CICEC2-1024x573.jpg\" alt=\"\" class=\"wp-image-17904\" srcset=\"https:\/\/ucpp.gob.bo\/wp-content\/uploads\/2025\/09\/CICEC2-1024x573.jpg 1024w, https:\/\/ucpp.gob.bo\/wp-content\/uploads\/2025\/09\/CICEC2-300x168.jpg 300w, https:\/\/ucpp.gob.bo\/wp-content\/uploads\/2025\/09\/CICEC2-768x430.jpg 768w, https:\/\/ucpp.gob.bo\/wp-content\/uploads\/2025\/09\/CICEC2.jpg 1075w\" sizes=\"auto, (max-width: 1024px) 100vw, 1024px\" \/><\/figure>\n\n\n\n<figure class=\"wp-block-image size-large\"><img loading=\"lazy\" decoding=\"async\" width=\"1024\" height=\"573\" data-id=\"17905\" src=\"https:\/\/ucpp.gob.bo\/wp-content\/uploads\/2025\/09\/CICEC3-1024x573.jpg\" alt=\"\" class=\"wp-image-17905\" srcset=\"https:\/\/ucpp.gob.bo\/wp-content\/uploads\/2025\/09\/CICEC3-1024x573.jpg 1024w, https:\/\/ucpp.gob.bo\/wp-content\/uploads\/2025\/09\/CICEC3-300x168.jpg 300w, https:\/\/ucpp.gob.bo\/wp-content\/uploads\/2025\/09\/CICEC3-768x430.jpg 768w, https:\/\/ucpp.gob.bo\/wp-content\/uploads\/2025\/09\/CICEC3.jpg 1075w\" sizes=\"auto, (max-width: 1024px) 100vw, 1024px\" \/><\/figure>\n\n\n\n<figure class=\"wp-block-image size-large\"><img loading=\"lazy\" decoding=\"async\" width=\"1024\" height=\"573\" data-id=\"17906\" src=\"https:\/\/ucpp.gob.bo\/wp-content\/uploads\/2025\/09\/CICEC4-1024x573.jpg\" alt=\"\" class=\"wp-image-17906\" srcset=\"https:\/\/ucpp.gob.bo\/wp-content\/uploads\/2025\/09\/CICEC4-1024x573.jpg 1024w, https:\/\/ucpp.gob.bo\/wp-content\/uploads\/2025\/09\/CICEC4-300x168.jpg 300w, https:\/\/ucpp.gob.bo\/wp-content\/uploads\/2025\/09\/CICEC4-768x430.jpg 768w, https:\/\/ucpp.gob.bo\/wp-content\/uploads\/2025\/09\/CICEC4.jpg 1075w\" sizes=\"auto, (max-width: 1024px) 100vw, 1024px\" \/><\/figure>\n\n\n\n<figure class=\"wp-block-image size-large\"><img loading=\"lazy\" decoding=\"async\" width=\"1024\" height=\"573\" data-id=\"17907\" src=\"https:\/\/ucpp.gob.bo\/wp-content\/uploads\/2025\/09\/CICEC5-1024x573.jpg\" alt=\"\" class=\"wp-image-17907\" srcset=\"https:\/\/ucpp.gob.bo\/wp-content\/uploads\/2025\/09\/CICEC5-1024x573.jpg 1024w, https:\/\/ucpp.gob.bo\/wp-content\/uploads\/2025\/09\/CICEC5-300x168.jpg 300w, https:\/\/ucpp.gob.bo\/wp-content\/uploads\/2025\/09\/CICEC5-768x430.jpg 768w, https:\/\/ucpp.gob.bo\/wp-content\/uploads\/2025\/09\/CICEC5-1536x859.jpg 1536w, https:\/\/ucpp.gob.bo\/wp-content\/uploads\/2025\/09\/CICEC5.jpg 1602w\" sizes=\"auto, (max-width: 1024px) 100vw, 1024px\" \/><\/figure>\n\n\n\n<figure class=\"wp-block-image size-large\"><img loading=\"lazy\" decoding=\"async\" width=\"1024\" height=\"579\" data-id=\"17908\" src=\"https:\/\/ucpp.gob.bo\/wp-content\/uploads\/2025\/09\/CICEC6-1024x579.jpg\" alt=\"\" class=\"wp-image-17908\" srcset=\"https:\/\/ucpp.gob.bo\/wp-content\/uploads\/2025\/09\/CICEC6-1024x579.jpg 1024w, https:\/\/ucpp.gob.bo\/wp-content\/uploads\/2025\/09\/CICEC6-300x170.jpg 300w, https:\/\/ucpp.gob.bo\/wp-content\/uploads\/2025\/09\/CICEC6-768x434.jpg 768w, https:\/\/ucpp.gob.bo\/wp-content\/uploads\/2025\/09\/CICEC6-1536x868.jpg 1536w, https:\/\/ucpp.gob.bo\/wp-content\/uploads\/2025\/09\/CICEC6.jpg 1587w\" sizes=\"auto, (max-width: 1024px) 100vw, 1024px\" \/><\/figure>\n<\/figure>\n\n\n\n<p>El Centro Internacional de Cultura, Exposiciones y Convenciones H\u00e9roes y Defensores de la Democracia (CICEC), ubicado en la ciudad de El Alto, es un espacio emblem\u00e1tico impulsado en el marco del Bicentenario de Bolivia, concebido para fortalecer la cultura, el arte, el comercio y las ideas.<\/p>\n\n\n\n<p>Es un centro moderno, dise\u00f1ado para albergar ferias, exposiciones, convenciones, encuentros culturales y eventos de gran magnitud, tanto nacionales como internacionales. Inspirado en el legado de los h\u00e9roes y defensores de la democracia, el CICEC busca ser un s\u00edmbolo de unidad, identidad y proyecci\u00f3n hacia el futuro.<\/p>\n\n\n\n<figure class=\"wp-block-embed aligncenter is-type-video is-provider-youtube wp-block-embed-youtube wp-embed-aspect-16-9 wp-has-aspect-ratio\"><div class=\"wp-block-embed__wrapper\">\n<iframe loading=\"lazy\" title=\"CICEC - \u201cH\u00c9ROES Y DEFENSORES DE LA DEMOCRACIA\u201d \u2013 EL ALTO (CICEC)\" width=\"500\" height=\"281\" src=\"https:\/\/www.youtube.com\/embed\/lVidgHh8qIo?feature=oembed\" frameborder=\"0\" allow=\"accelerometer; autoplay; clipboard-write; encrypted-media; gyroscope; picture-in-picture; web-share\" referrerpolicy=\"strict-origin-when-cross-origin\" allowfullscreen><\/iframe>\n<\/div><\/figure>\n","protected":false},"excerpt":{"rendered":"<p>El Centro Internacional de Cultura, Exposiciones y Convenciones H\u00e9roes y Defensores de la Democracia (CICEC), ubicado en la ciudad de El Alto, es un espacio emblem\u00e1tico impulsado en el marco del Bicentenario de Bolivia, concebido para fortalecer la cultura, el arte, el comercio y las ideas. Es un centro moderno, dise\u00f1ado para albergar ferias, exposiciones, [&hellip;]<\/p>\n","protected":false},"author":17,"featured_media":0,"parent":0,"menu_order":0,"comment_status":"closed","ping_status":"closed","template":"","meta":{"_acf_changed":false,"footnotes":""},"class_list":["post-17902","page","type-page","status-publish","hentry"],"acf":[],"_links":{"self":[{"href":"https:\/\/ucpp.gob.bo\/index.php\/wp-json\/wp\/v2\/pages\/17902","targetHints":{"allow":["GET"]}}],"collection":[{"href":"https:\/\/ucpp.gob.bo\/index.php\/wp-json\/wp\/v2\/pages"}],"about":[{"href":"https:\/\/ucpp.gob.bo\/index.php\/wp-json\/wp\/v2\/types\/page"}],"author":[{"embeddable":true,"href":"https:\/\/ucpp.gob.bo\/index.php\/wp-json\/wp\/v2\/users\/17"}],"replies":[{"embeddable":true,"href":"https:\/\/ucpp.gob.bo\/index.php\/wp-json\/wp\/v2\/comments?post=17902"}],"version-history":[{"count":1,"href":"https:\/\/ucpp.gob.bo\/index.php\/wp-json\/wp\/v2\/pages\/17902\/revisions"}],"predecessor-version":[{"id":17909,"href":"https:\/\/ucpp.gob.bo\/index.php\/wp-json\/wp\/v2\/pages\/17902\/revisions\/17909"}],"wp:attachment":[{"href":"https:\/\/ucpp.gob.bo\/index.php\/wp-json\/wp\/v2\/media?parent=17902"}],"curies":[{"name":"wp","href":"https:\/\/api.w.org\/{rel}","templated":true}]}}