{"id":17889,"date":"2025-09-08T11:02:55","date_gmt":"2025-09-08T15:02:55","guid":{"rendered":"https:\/\/ucpp.gob.bo\/?page_id=17889"},"modified":"2025-09-08T11:09:56","modified_gmt":"2025-09-08T15:09:56","slug":"recinto-multiproposito-de-frontera-hito-br-94-tarija","status":"publish","type":"page","link":"https:\/\/ucpp.gob.bo\/index.php\/recinto-multiproposito-de-frontera-hito-br-94-tarija\/","title":{"rendered":"Recinto Multiprop\u00f3sito de frontera HITO BR 94 &#8211; TARIJA"},"content":{"rendered":"\n<figure class=\"wp-block-gallery has-nested-images columns-default is-cropped wp-block-gallery-1 is-layout-flex wp-block-gallery-is-layout-flex\">\n<figure class=\"wp-block-image size-large\"><img loading=\"lazy\" decoding=\"async\" width=\"1024\" height=\"577\" data-id=\"17890\" src=\"https:\/\/ucpp.gob.bo\/wp-content\/uploads\/2025\/09\/HITO1-1024x577.png\" alt=\"\" class=\"wp-image-17890\" srcset=\"https:\/\/ucpp.gob.bo\/wp-content\/uploads\/2025\/09\/HITO1-1024x577.png 1024w, https:\/\/ucpp.gob.bo\/wp-content\/uploads\/2025\/09\/HITO1-300x169.png 300w, https:\/\/ucpp.gob.bo\/wp-content\/uploads\/2025\/09\/HITO1-768x433.png 768w, https:\/\/ucpp.gob.bo\/wp-content\/uploads\/2025\/09\/HITO1-1536x865.png 1536w, https:\/\/ucpp.gob.bo\/wp-content\/uploads\/2025\/09\/HITO1.png 1919w\" sizes=\"auto, (max-width: 1024px) 100vw, 1024px\" \/><\/figure>\n\n\n\n<figure class=\"wp-block-image size-large\"><img loading=\"lazy\" decoding=\"async\" width=\"1024\" height=\"768\" data-id=\"17891\" src=\"https:\/\/ucpp.gob.bo\/wp-content\/uploads\/2025\/09\/HITO2-1024x768.jpg\" alt=\"\" class=\"wp-image-17891\" srcset=\"https:\/\/ucpp.gob.bo\/wp-content\/uploads\/2025\/09\/HITO2-1024x768.jpg 1024w, https:\/\/ucpp.gob.bo\/wp-content\/uploads\/2025\/09\/HITO2-300x225.jpg 300w, https:\/\/ucpp.gob.bo\/wp-content\/uploads\/2025\/09\/HITO2-768x576.jpg 768w, https:\/\/ucpp.gob.bo\/wp-content\/uploads\/2025\/09\/HITO2-1536x1152.jpg 1536w, https:\/\/ucpp.gob.bo\/wp-content\/uploads\/2025\/09\/HITO2.jpg 1701w\" sizes=\"auto, (max-width: 1024px) 100vw, 1024px\" \/><\/figure>\n\n\n\n<figure class=\"wp-block-image size-large\"><img loading=\"lazy\" decoding=\"async\" width=\"1024\" height=\"768\" data-id=\"17892\" src=\"https:\/\/ucpp.gob.bo\/wp-content\/uploads\/2025\/09\/HITO3-1024x768.jpeg\" alt=\"\" class=\"wp-image-17892\" srcset=\"https:\/\/ucpp.gob.bo\/wp-content\/uploads\/2025\/09\/HITO3-1024x768.jpeg 1024w, https:\/\/ucpp.gob.bo\/wp-content\/uploads\/2025\/09\/HITO3-300x225.jpeg 300w, https:\/\/ucpp.gob.bo\/wp-content\/uploads\/2025\/09\/HITO3-768x576.jpeg 768w, https:\/\/ucpp.gob.bo\/wp-content\/uploads\/2025\/09\/HITO3.jpeg 1280w\" sizes=\"auto, (max-width: 1024px) 100vw, 1024px\" \/><\/figure>\n\n\n\n<figure class=\"wp-block-image size-large\"><img loading=\"lazy\" decoding=\"async\" width=\"1024\" height=\"768\" data-id=\"17893\" src=\"https:\/\/ucpp.gob.bo\/wp-content\/uploads\/2025\/09\/HITO4-1024x768.jpg\" alt=\"\" class=\"wp-image-17893\" srcset=\"https:\/\/ucpp.gob.bo\/wp-content\/uploads\/2025\/09\/HITO4-1024x768.jpg 1024w, https:\/\/ucpp.gob.bo\/wp-content\/uploads\/2025\/09\/HITO4-300x225.jpg 300w, https:\/\/ucpp.gob.bo\/wp-content\/uploads\/2025\/09\/HITO4-768x576.jpg 768w, https:\/\/ucpp.gob.bo\/wp-content\/uploads\/2025\/09\/HITO4.jpg 1280w\" sizes=\"auto, (max-width: 1024px) 100vw, 1024px\" \/><\/figure>\n\n\n\n<figure class=\"wp-block-image size-large\"><img loading=\"lazy\" decoding=\"async\" width=\"1024\" height=\"768\" data-id=\"17894\" src=\"https:\/\/ucpp.gob.bo\/wp-content\/uploads\/2025\/09\/HITO5-1024x768.jpg\" alt=\"\" class=\"wp-image-17894\" srcset=\"https:\/\/ucpp.gob.bo\/wp-content\/uploads\/2025\/09\/HITO5-1024x768.jpg 1024w, https:\/\/ucpp.gob.bo\/wp-content\/uploads\/2025\/09\/HITO5-300x225.jpg 300w, https:\/\/ucpp.gob.bo\/wp-content\/uploads\/2025\/09\/HITO5-768x576.jpg 768w, https:\/\/ucpp.gob.bo\/wp-content\/uploads\/2025\/09\/HITO5-1536x1152.jpg 1536w, https:\/\/ucpp.gob.bo\/wp-content\/uploads\/2025\/09\/HITO5-2048x1536.jpg 2048w\" sizes=\"auto, (max-width: 1024px) 100vw, 1024px\" \/><\/figure>\n\n\n\n<figure class=\"wp-block-image size-large\"><img loading=\"lazy\" decoding=\"async\" width=\"1024\" height=\"577\" data-id=\"17895\" src=\"https:\/\/ucpp.gob.bo\/wp-content\/uploads\/2025\/09\/HITO6-1024x577.png\" alt=\"\" class=\"wp-image-17895\" srcset=\"https:\/\/ucpp.gob.bo\/wp-content\/uploads\/2025\/09\/HITO6-1024x577.png 1024w, https:\/\/ucpp.gob.bo\/wp-content\/uploads\/2025\/09\/HITO6-300x169.png 300w, https:\/\/ucpp.gob.bo\/wp-content\/uploads\/2025\/09\/HITO6-768x433.png 768w, https:\/\/ucpp.gob.bo\/wp-content\/uploads\/2025\/09\/HITO6-1536x865.png 1536w, https:\/\/ucpp.gob.bo\/wp-content\/uploads\/2025\/09\/HITO6.png 1919w\" sizes=\"auto, (max-width: 1024px) 100vw, 1024px\" \/><\/figure>\n<\/figure>\n\n\n\n<p><strong>\u201cRecinto Multiprop\u00f3sito de Frontera Hito BR-94 Tarija<\/strong>\u201d, que contribuye a la presencia soberana del Estado Boliviano en la zona de seguridad fronteriza, consiguiendo mejorar el flujo operativo de importaciones y exportaciones de diferentes mercanc\u00edas, veh\u00edculos, adem\u00e1s del tr\u00e1nsito de personas con una mejor calidad, eficiencia y eficacia hacia la Rep\u00fablica de Paraguay,&nbsp;&nbsp;manifiesto mi gran satisfacci\u00f3n por la conclusi\u00f3n de esta obra!<\/p>\n\n\n\n<p>Nos sentimos muy felices viendo al ver la conclusi\u00f3n&nbsp;&nbsp;este proyecto muy importante para el desarrollo econ\u00f3mico del pa\u00eds\u00bb.<\/p>\n\n\n\n<p>Un trabajo que es posible gracias al Gobierno Nacional de la mano de nuestro presidente Luis Alberto Arce Catacora y el Ministerio de Econom\u00eda y Finanzas P\u00fablicas a trav\u00e9s de la Unidad de Coordinaci\u00f3n de Programas y Proyectos.<\/p>\n\n\n\n<p>Este recinto multiprop\u00f3sito permite concentrar la presencia de entidades p\u00fablicas como ser: Aduana, Migraci\u00f3n, Polic\u00eda Nacional, Administraci\u00f3n de Servicios Portuarios Bolivia (ASP-B), Servicio Nacional de Sanidad Agropecuaria e Inocuidad Alimentaria (SENASAG), Banco Uni\u00f3n, Dep\u00f3sitos Aduaneros Bolivianos (DAB), Servicio Nacional de Registro y Control de la Comercializaci\u00f3n de Minerales y Metales (SENARECOM);&nbsp;&nbsp;en la zona de seguridad fronteriza de Hito Br 94 \u2013 Tarija, aglutinado en un solo recinto multiprop\u00f3sito. La obra cuenta con servicios b\u00e1sicos de agua potable, energ\u00eda el\u00e9ctrica, adem\u00e1s de servicio de red, procesamiento de aguas hervidas, manejo de residuos s\u00f3lidos.<\/p>\n\n\n\n<p>Son 150,2 millones de Bolivianos los que se invirtieron en este proyecto que beneficia al flujo migratorio de mercader\u00eda y personas, es importante resaltar que esta obra es la primera planificada y ejecutada en 3 fases hasta su conclusi\u00f3n por la Unidad de Coordinaci\u00f3n de Programas y Proyectos.<\/p>\n\n\n\n<p>El proyecto fue iniciado en la gesti\u00f3n 2018 a lo largo del proceso de construcci\u00f3n del Recinto Multiprop\u00f3sito pasaron tres directores del gobierno de facto, paralizando las obras y haciendo que el avance de este proyecto sea insignificantes y sin progreso.<\/p>\n\n\n\n<p>Cuando asumimos la direcci\u00f3n de la Unidad de Coordinaci\u00f3n de Programas y Proyectos \u2013 UCPP las obras en frontera no dejaron de avanzar en todas sus fases. Logrando un beneficio en el marco de la reconstrucci\u00f3n econ\u00f3mica del pa\u00eds.<\/p>\n\n\n\n<p>La entrega de esta mega obra es una muestra del compromiso de nuestro Gobierno actual, para trabajar en favor de una reconstrucci\u00f3n econ\u00f3mica. Ahora pasa a una etapa de equipamiento para su administraci\u00f3n por la Aduana Nacional lo que derivar\u00e1 en un recinto listo para su funcionamiento contribuyendo a la seguridad fronteriza y relaci\u00f3n bilateral entre Bolivia \u2013 Paraguay.<\/p>\n\n\n\n<p>\u00abEl objetivo principal es el de potenciar el flujo comercial y sentar presencia en las fronteras de nuestro territorio nacional es una de las directrices dadas por el hermano presidente Luis Arce Catacora, para reconstruir la econom\u00eda del pa\u00eds\u00bb.<\/p>\n\n\n\n<div class=\"wp-block-columns are-vertically-aligned-center is-layout-flex wp-container-core-columns-is-layout-9d6595d7 wp-block-columns-is-layout-flex\">\n<div class=\"wp-block-column is-vertically-aligned-center is-layout-flow wp-block-column-is-layout-flow\" style=\"flex-basis:100%\">\n<figure class=\"wp-block-embed is-type-video is-provider-youtube wp-block-embed-youtube wp-embed-aspect-16-9 wp-has-aspect-ratio\"><div class=\"wp-block-embed__wrapper\">\n<iframe loading=\"lazy\" title=\"RECINTO MULTIPROP\u00d3SITO HITO BR-94 TARIJA.\" width=\"500\" height=\"281\" src=\"https:\/\/www.youtube.com\/embed\/8fthlNlTuj8?feature=oembed\" frameborder=\"0\" allow=\"accelerometer; autoplay; clipboard-write; encrypted-media; gyroscope; picture-in-picture; web-share\" referrerpolicy=\"strict-origin-when-cross-origin\" allowfullscreen><\/iframe>\n<\/div><\/figure>\n<\/div>\n<\/div>\n","protected":false},"excerpt":{"rendered":"<p>\u201cRecinto Multiprop\u00f3sito de Frontera Hito BR-94 Tarija\u201d, que contribuye a la presencia soberana del Estado Boliviano en la zona de seguridad fronteriza, consiguiendo mejorar el flujo operativo de importaciones y exportaciones de diferentes mercanc\u00edas, veh\u00edculos, adem\u00e1s del tr\u00e1nsito de personas con una mejor calidad, eficiencia y eficacia hacia la Rep\u00fablica de Paraguay,&nbsp;&nbsp;manifiesto mi gran satisfacci\u00f3n [&hellip;]<\/p>\n","protected":false},"author":17,"featured_media":0,"parent":0,"menu_order":0,"comment_status":"closed","ping_status":"closed","template":"","meta":{"_acf_changed":false,"footnotes":""},"class_list":["post-17889","page","type-page","status-publish","hentry"],"acf":[],"_links":{"self":[{"href":"https:\/\/ucpp.gob.bo\/index.php\/wp-json\/wp\/v2\/pages\/17889","targetHints":{"allow":["GET"]}}],"collection":[{"href":"https:\/\/ucpp.gob.bo\/index.php\/wp-json\/wp\/v2\/pages"}],"about":[{"href":"https:\/\/ucpp.gob.bo\/index.php\/wp-json\/wp\/v2\/types\/page"}],"author":[{"embeddable":true,"href":"https:\/\/ucpp.gob.bo\/index.php\/wp-json\/wp\/v2\/users\/17"}],"replies":[{"embeddable":true,"href":"https:\/\/ucpp.gob.bo\/index.php\/wp-json\/wp\/v2\/comments?post=17889"}],"version-history":[{"count":2,"href":"https:\/\/ucpp.gob.bo\/index.php\/wp-json\/wp\/v2\/pages\/17889\/revisions"}],"predecessor-version":[{"id":17901,"href":"https:\/\/ucpp.gob.bo\/index.php\/wp-json\/wp\/v2\/pages\/17889\/revisions\/17901"}],"wp:attachment":[{"href":"https:\/\/ucpp.gob.bo\/index.php\/wp-json\/wp\/v2\/media?parent=17889"}],"curies":[{"name":"wp","href":"https:\/\/api.w.org\/{rel}","templated":true}]}}