{"id":17871,"date":"2025-09-08T11:00:16","date_gmt":"2025-09-08T15:00:16","guid":{"rendered":"https:\/\/ucpp.gob.bo\/?page_id=17871"},"modified":"2025-09-08T11:07:36","modified_gmt":"2025-09-08T15:07:36","slug":"recinto-multiproposito-de-frontera-tambo-quemado-oruro","status":"publish","type":"page","link":"https:\/\/ucpp.gob.bo\/index.php\/recinto-multiproposito-de-frontera-tambo-quemado-oruro\/","title":{"rendered":"Recinto Multiprop\u00f3sito de frontera TAMBO QUEMADO &#8211; ORURO"},"content":{"rendered":"\n<figure class=\"wp-block-gallery has-nested-images columns-default is-cropped wp-block-gallery-1 is-layout-flex wp-block-gallery-is-layout-flex\">\n<figure class=\"wp-block-image size-large\"><img loading=\"lazy\" decoding=\"async\" width=\"1024\" height=\"684\" data-id=\"17883\" src=\"https:\/\/ucpp.gob.bo\/wp-content\/uploads\/2025\/09\/TAMBO2-1024x684.jpg\" alt=\"\" class=\"wp-image-17883\" srcset=\"https:\/\/ucpp.gob.bo\/wp-content\/uploads\/2025\/09\/TAMBO2-1024x684.jpg 1024w, https:\/\/ucpp.gob.bo\/wp-content\/uploads\/2025\/09\/TAMBO2-300x200.jpg 300w, https:\/\/ucpp.gob.bo\/wp-content\/uploads\/2025\/09\/TAMBO2-768x513.jpg 768w, https:\/\/ucpp.gob.bo\/wp-content\/uploads\/2025\/09\/TAMBO2-1536x1025.jpg 1536w, https:\/\/ucpp.gob.bo\/wp-content\/uploads\/2025\/09\/TAMBO2.jpg 1600w\" sizes=\"auto, (max-width: 1024px) 100vw, 1024px\" \/><\/figure>\n\n\n\n<figure class=\"wp-block-image size-large\"><img loading=\"lazy\" decoding=\"async\" width=\"1024\" height=\"576\" data-id=\"17884\" src=\"https:\/\/ucpp.gob.bo\/wp-content\/uploads\/2025\/09\/TAMBO3-1024x576.jpg\" alt=\"\" class=\"wp-image-17884\" srcset=\"https:\/\/ucpp.gob.bo\/wp-content\/uploads\/2025\/09\/TAMBO3-1024x576.jpg 1024w, https:\/\/ucpp.gob.bo\/wp-content\/uploads\/2025\/09\/TAMBO3-300x169.jpg 300w, https:\/\/ucpp.gob.bo\/wp-content\/uploads\/2025\/09\/TAMBO3-768x432.jpg 768w, https:\/\/ucpp.gob.bo\/wp-content\/uploads\/2025\/09\/TAMBO3-1536x865.jpg 1536w, https:\/\/ucpp.gob.bo\/wp-content\/uploads\/2025\/09\/TAMBO3.jpg 1638w\" sizes=\"auto, (max-width: 1024px) 100vw, 1024px\" \/><\/figure>\n\n\n\n<figure class=\"wp-block-image size-large\"><img loading=\"lazy\" decoding=\"async\" width=\"1024\" height=\"576\" data-id=\"17886\" src=\"https:\/\/ucpp.gob.bo\/wp-content\/uploads\/2025\/09\/TAMBO5-1024x576.jpg\" alt=\"\" class=\"wp-image-17886\" srcset=\"https:\/\/ucpp.gob.bo\/wp-content\/uploads\/2025\/09\/TAMBO5-1024x576.jpg 1024w, https:\/\/ucpp.gob.bo\/wp-content\/uploads\/2025\/09\/TAMBO5-300x169.jpg 300w, https:\/\/ucpp.gob.bo\/wp-content\/uploads\/2025\/09\/TAMBO5-768x432.jpg 768w, https:\/\/ucpp.gob.bo\/wp-content\/uploads\/2025\/09\/TAMBO5-1536x865.jpg 1536w, https:\/\/ucpp.gob.bo\/wp-content\/uploads\/2025\/09\/TAMBO5.jpg 1638w\" sizes=\"auto, (max-width: 1024px) 100vw, 1024px\" \/><\/figure>\n\n\n\n<figure class=\"wp-block-image size-large\"><img loading=\"lazy\" decoding=\"async\" width=\"1024\" height=\"576\" data-id=\"17887\" src=\"https:\/\/ucpp.gob.bo\/wp-content\/uploads\/2025\/09\/TAMBO6-1024x576.jpg\" alt=\"\" class=\"wp-image-17887\" srcset=\"https:\/\/ucpp.gob.bo\/wp-content\/uploads\/2025\/09\/TAMBO6-1024x576.jpg 1024w, https:\/\/ucpp.gob.bo\/wp-content\/uploads\/2025\/09\/TAMBO6-300x169.jpg 300w, https:\/\/ucpp.gob.bo\/wp-content\/uploads\/2025\/09\/TAMBO6-768x432.jpg 768w, https:\/\/ucpp.gob.bo\/wp-content\/uploads\/2025\/09\/TAMBO6-1536x865.jpg 1536w, https:\/\/ucpp.gob.bo\/wp-content\/uploads\/2025\/09\/TAMBO6.jpg 1638w\" sizes=\"auto, (max-width: 1024px) 100vw, 1024px\" \/><\/figure>\n\n\n\n<figure class=\"wp-block-image size-large\"><img loading=\"lazy\" decoding=\"async\" width=\"1024\" height=\"576\" data-id=\"17882\" src=\"https:\/\/ucpp.gob.bo\/wp-content\/uploads\/2025\/09\/TAMBO1-1024x576.jpg\" alt=\"\" class=\"wp-image-17882\" srcset=\"https:\/\/ucpp.gob.bo\/wp-content\/uploads\/2025\/09\/TAMBO1-1024x576.jpg 1024w, https:\/\/ucpp.gob.bo\/wp-content\/uploads\/2025\/09\/TAMBO1-300x169.jpg 300w, https:\/\/ucpp.gob.bo\/wp-content\/uploads\/2025\/09\/TAMBO1-768x432.jpg 768w, https:\/\/ucpp.gob.bo\/wp-content\/uploads\/2025\/09\/TAMBO1-1536x865.jpg 1536w, https:\/\/ucpp.gob.bo\/wp-content\/uploads\/2025\/09\/TAMBO1.jpg 1638w\" sizes=\"auto, (max-width: 1024px) 100vw, 1024px\" \/><\/figure>\n\n\n\n<figure class=\"wp-block-image size-large\"><img loading=\"lazy\" decoding=\"async\" width=\"1024\" height=\"528\" data-id=\"17885\" src=\"https:\/\/ucpp.gob.bo\/wp-content\/uploads\/2025\/09\/TAMBO4-1024x528.jpg\" alt=\"\" class=\"wp-image-17885\" srcset=\"https:\/\/ucpp.gob.bo\/wp-content\/uploads\/2025\/09\/TAMBO4-1024x528.jpg 1024w, https:\/\/ucpp.gob.bo\/wp-content\/uploads\/2025\/09\/TAMBO4-300x155.jpg 300w, https:\/\/ucpp.gob.bo\/wp-content\/uploads\/2025\/09\/TAMBO4-768x396.jpg 768w, https:\/\/ucpp.gob.bo\/wp-content\/uploads\/2025\/09\/TAMBO4-1536x792.jpg 1536w, https:\/\/ucpp.gob.bo\/wp-content\/uploads\/2025\/09\/TAMBO4.jpg 1600w\" sizes=\"auto, (max-width: 1024px) 100vw, 1024px\" \/><\/figure>\n<\/figure>\n\n\n\n<p><strong>El presidente Luis Arce Inaugura el Recinto Multiprop\u00f3sito de Frontera en Tambo Quemado, construido por la UCPP.<\/strong><\/p>\n\n\n\n<p>Tambo Quemado, Bolivia \u2013 El viernes 23 de agosto de 2024, Bolivia marc\u00f3 un avance trascendental en la modernizaci\u00f3n de su infraestructura fronteriza con la inauguraci\u00f3n del&nbsp;<strong>Recinto Multiprop\u00f3sito de Frontera en Tambo Quemado<\/strong>, el centro de control fronterizo m\u00e1s grande de Latino am\u00e9rica. Esta obra, construida bajo la direcci\u00f3n de la&nbsp;<strong>Unidad de Coordinaci\u00f3n de Programas y Proyectos (UCPP)<\/strong>, fue inaugurada por el presidente Luis Arce, quien destac\u00f3 la magnitud y relevancia de este nuevo basti\u00f3n en la lucha contra el contrabando y en la promoci\u00f3n de un comercio seguro y eficiente en la frontera con Chile.<\/p>\n\n\n\n<p>El recinto, que se extiende por 28 hect\u00e1reas y cuenta con la capacidad para albergar a 250 funcionarios, representa una inversi\u00f3n de m\u00e1s de Bs 295 millones, financiada \u00edntegramente por el Tesoro General del Estado (TGE). Durante la ceremonia de inauguraci\u00f3n, el presidente Arce subray\u00f3 el compromiso del Gobierno con la soberan\u00eda nacional y el desarrollo econ\u00f3mico: \u201cCon este tipo de recintos que se multiplicar\u00e1n en todas nuestras fronteras, queremos ratificar nuestro compromiso de lucha f\u00e9rrea contra el contrabando\u201d.<\/p>\n\n\n\n<p>El&nbsp;<strong>Recinto Multiprop\u00f3sito de Frontera en Tambo Quemado<\/strong>&nbsp;est\u00e1 dise\u00f1ado para proporcionar un control integrado y eficiente del flujo de personas, equipajes, mercanc\u00edas y veh\u00edculos. Adem\u00e1s, ofrece servicios complementarios de facilitaci\u00f3n y atenci\u00f3n al usuario, mejorando significativamente las condiciones para comerciantes, transportistas, funcionarios y aduaneros. Entre sus modernas instalaciones se incluyen bloques de viviendas, casetas de control, \u00e1reas de incautaci\u00f3n, almacenes, plataformas de aforo y estacionamientos para camiones, as\u00ed como sistemas avanzados de bombeo de agua, una subestaci\u00f3n el\u00e9ctrica, una planta de tratamiento de aguas residuales y un bloque de residuos.<\/p>\n\n\n\n<p>Durante la inauguraci\u00f3n, el presidente Arce expres\u00f3 su agradecimiento a la&nbsp;<strong>Unidad de Coordinaci\u00f3n de Programas y Proyectos (UCPP)<\/strong>, destacando su papel crucial en la realizaci\u00f3n de esta obra monumental. \u201cEste centro es m\u00e1s que una construcci\u00f3n; es un compromiso con el futuro de Bolivia y con cada uno de sus ciudadanos\u201d, afirm\u00f3.<\/p>\n\n\n\n<p>Este moderno centro no solo mejorar\u00e1 la capacidad de control aduanero, sino que tambi\u00e9n ser\u00e1 la sede de diversas entidades como la Aduana Nacional, el Servicio Nacional de Sanidad Agropecuaria e Inocuidad Alimentaria (SENASAG), la Direcci\u00f3n General de Migraci\u00f3n, la Polic\u00eda Nacional y el Banco Uni\u00f3n. De este modo, el recinto no solo fortalece las operaciones aduaneras, sino que tambi\u00e9n centraliza los servicios estatales en un solo lugar, optimizando recursos y esfuerzos para la seguridad y desarrollo del pa\u00eds.<\/p>\n\n\n\n<p>La inauguraci\u00f3n del&nbsp;<strong>Recinto Multiprop\u00f3sito de Frontera en Tambo Quemado<\/strong>&nbsp;marca un hito significativo en la infraestructura fronteriza de Bolivia y refuerza el compromiso del pa\u00eds en la lucha contra el contrabando y en la mejora de las condiciones para el comercio y la seguridad fronteriza. Con cada paso hacia adelante, Bolivia reafirma su soberan\u00eda y su capacidad de progreso, avanzando unidos rumbo al Bicentenario.<\/p>\n\n\n\n<figure class=\"wp-block-embed aligncenter is-type-video is-provider-youtube wp-block-embed-youtube wp-embed-aspect-16-9 wp-has-aspect-ratio\"><div class=\"wp-block-embed__wrapper\">\n<iframe loading=\"lazy\" title=\"EL RECINTO MULTIPROP\u00d3SITO DE FRONTERA TAMBO QUEMADO \u2013 ORURO PRESENTA UN 100 % DE AVANCE FISICO\" width=\"500\" height=\"281\" src=\"https:\/\/www.youtube.com\/embed\/fgImtbmFSME?feature=oembed\" frameborder=\"0\" allow=\"accelerometer; autoplay; clipboard-write; encrypted-media; gyroscope; picture-in-picture; web-share\" referrerpolicy=\"strict-origin-when-cross-origin\" allowfullscreen><\/iframe>\n<\/div><\/figure>\n\n\n\n<p><\/p>\n","protected":false},"excerpt":{"rendered":"<p>El presidente Luis Arce Inaugura el Recinto Multiprop\u00f3sito de Frontera en Tambo Quemado, construido por la UCPP. Tambo Quemado, Bolivia \u2013 El viernes 23 de agosto de 2024, Bolivia marc\u00f3 un avance trascendental en la modernizaci\u00f3n de su infraestructura fronteriza con la inauguraci\u00f3n del&nbsp;Recinto Multiprop\u00f3sito de Frontera en Tambo Quemado, el centro de control fronterizo [&hellip;]<\/p>\n","protected":false},"author":17,"featured_media":0,"parent":0,"menu_order":0,"comment_status":"closed","ping_status":"closed","template":"","meta":{"_acf_changed":false,"footnotes":""},"class_list":["post-17871","page","type-page","status-publish","hentry"],"acf":[],"_links":{"self":[{"href":"https:\/\/ucpp.gob.bo\/index.php\/wp-json\/wp\/v2\/pages\/17871","targetHints":{"allow":["GET"]}}],"collection":[{"href":"https:\/\/ucpp.gob.bo\/index.php\/wp-json\/wp\/v2\/pages"}],"about":[{"href":"https:\/\/ucpp.gob.bo\/index.php\/wp-json\/wp\/v2\/types\/page"}],"author":[{"embeddable":true,"href":"https:\/\/ucpp.gob.bo\/index.php\/wp-json\/wp\/v2\/users\/17"}],"replies":[{"embeddable":true,"href":"https:\/\/ucpp.gob.bo\/index.php\/wp-json\/wp\/v2\/comments?post=17871"}],"version-history":[{"count":3,"href":"https:\/\/ucpp.gob.bo\/index.php\/wp-json\/wp\/v2\/pages\/17871\/revisions"}],"predecessor-version":[{"id":17900,"href":"https:\/\/ucpp.gob.bo\/index.php\/wp-json\/wp\/v2\/pages\/17871\/revisions\/17900"}],"wp:attachment":[{"href":"https:\/\/ucpp.gob.bo\/index.php\/wp-json\/wp\/v2\/media?parent=17871"}],"curies":[{"name":"wp","href":"https:\/\/api.w.org\/{rel}","templated":true}]}}