{"id":17068,"date":"2025-05-07T21:53:32","date_gmt":"2025-05-07T19:53:32","guid":{"rendered":"https:\/\/ucpp.gob.bo\/?page_id=17068"},"modified":"2025-09-04T16:48:53","modified_gmt":"2025-09-04T20:48:53","slug":"17068-2","status":"publish","type":"page","link":"https:\/\/ucpp.gob.bo\/index.php\/17068-2\/","title":{"rendered":"Denuncias por Hechos de Corrupci\u00f3n"},"content":{"rendered":"\n<p>El Ministerio de Justicia y Transparencia Institucional pone a su disposici\u00f3n las siguientes v\u00edas para que usted realice su denuncia:<\/p>\n\n\n\n<p> <h4> SITPRECO <\/h4> <\/p>\n\n\n\n<p>Sistema de Informaci\u00f3n de Transparencia, Prevenci\u00f3n y Lucha Contra la Corrupci\u00f3n<\/p>\n\n\n\n<p>Si usted cuenta con Ciudadan\u00eda Digital puede presentar su denuncia de forma directa al Ministerio de Justicia y Transparencia Institucional a trav\u00e9s del sistema SITPRECO<\/p>\n\n\n\n<p><a href=\"https:\/\/sitpreco.s2plus.transparencia.gob.bo\/\"><strong>Acceder al sistema SITPRECO -&gt;<\/strong><\/a><\/p>\n\n\n\n<p><h4>Formulario de denuncias<\/h4><\/p>\n\n\n\n<p>Si usted no cuenta con Ciudadan\u00eda Digital, puede presentar su Denuncia por hechos de corrupci\u00f3n de forma an\u00f3nima al \u00c1rea de Transparencia Institucional mediante el siguiente formulario:<\/p>\n\n\n\n<p><a href=\"https:\/\/ucpp.gob.bo\/index.php\/formulario-de-denuncias\/\"><strong>Acceder al formulario -&gt;<\/strong><\/a><\/p>\n\n\n\n<p><h4>L\u00ednea telef\u00f3nica<\/h4><\/p>\n\n\n\n<p>El \u00c1rea de Transparencia Institucional del Ministerio de Econom\u00eda y Finanzas P\u00fablicas pone a su disposici\u00f3n la siguiente l\u00ednea telef\u00f3nica para recibir sus denuncias.<\/p>\n\n\n\n<p><strong>800-10-3737<\/strong><\/p>\n\n\n\n<p><h4>Presentaci\u00f3n presencial del Formulario de denuncias<\/h4><\/p>\n\n\n\n<p>Usted puede apersonarse a cualquiera de nuestras oficinas y solicitar un ejemplar impreso del Formulario de Denuncias de Hechos de corrupci\u00f3n. Una vez llenado, podr\u00e1 depositarlo en el buz\u00f3n respectivo.<\/p>\n\n\n\n<figure class=\"wp-block-image size-full is-style-default\"><img loading=\"lazy\" decoding=\"async\" width=\"1024\" height=\"791\" src=\"https:\/\/ucpp.gob.bo\/wp-content\/uploads\/2025\/09\/buzon-sugerencias-y-denuncias-1024x791-1.jpeg\" alt=\"\" class=\"wp-image-17516\" srcset=\"https:\/\/ucpp.gob.bo\/wp-content\/uploads\/2025\/09\/buzon-sugerencias-y-denuncias-1024x791-1.jpeg 1024w, https:\/\/ucpp.gob.bo\/wp-content\/uploads\/2025\/09\/buzon-sugerencias-y-denuncias-1024x791-1-300x232.jpeg 300w, https:\/\/ucpp.gob.bo\/wp-content\/uploads\/2025\/09\/buzon-sugerencias-y-denuncias-1024x791-1-768x593.jpeg 768w\" sizes=\"auto, (max-width: 1024px) 100vw, 1024px\" \/><\/figure>\n","protected":false},"excerpt":{"rendered":"<p>El Ministerio de Justicia y Transparencia Institucional pone a su disposici\u00f3n las siguientes v\u00edas para que usted realice su denuncia: SITPRECO Sistema de Informaci\u00f3n de Transparencia, Prevenci\u00f3n y Lucha Contra la Corrupci\u00f3n Si usted cuenta con Ciudadan\u00eda Digital puede presentar su denuncia de forma directa al Ministerio de Justicia y Transparencia Institucional a trav\u00e9s del [&hellip;]<\/p>\n","protected":false},"author":1,"featured_media":0,"parent":0,"menu_order":0,"comment_status":"closed","ping_status":"closed","template":"","meta":{"_acf_changed":false,"footnotes":""},"class_list":["post-17068","page","type-page","status-publish","hentry"],"acf":[],"_links":{"self":[{"href":"https:\/\/ucpp.gob.bo\/index.php\/wp-json\/wp\/v2\/pages\/17068","targetHints":{"allow":["GET"]}}],"collection":[{"href":"https:\/\/ucpp.gob.bo\/index.php\/wp-json\/wp\/v2\/pages"}],"about":[{"href":"https:\/\/ucpp.gob.bo\/index.php\/wp-json\/wp\/v2\/types\/page"}],"author":[{"embeddable":true,"href":"https:\/\/ucpp.gob.bo\/index.php\/wp-json\/wp\/v2\/users\/1"}],"replies":[{"embeddable":true,"href":"https:\/\/ucpp.gob.bo\/index.php\/wp-json\/wp\/v2\/comments?post=17068"}],"version-history":[{"count":4,"href":"https:\/\/ucpp.gob.bo\/index.php\/wp-json\/wp\/v2\/pages\/17068\/revisions"}],"predecessor-version":[{"id":17517,"href":"https:\/\/ucpp.gob.bo\/index.php\/wp-json\/wp\/v2\/pages\/17068\/revisions\/17517"}],"wp:attachment":[{"href":"https:\/\/ucpp.gob.bo\/index.php\/wp-json\/wp\/v2\/media?parent=17068"}],"curies":[{"name":"wp","href":"https:\/\/api.w.org\/{rel}","templated":true}]}}